{"id":14774,"date":"2025-01-28T01:24:23","date_gmt":"2025-01-28T00:24:23","guid":{"rendered":"https:\/\/ies.bio\/actividades-ies-2025\/"},"modified":"2026-03-18T16:26:21","modified_gmt":"2026-03-18T15:26:21","slug":"actividades-ies-2026","status":"publish","type":"page","link":"https:\/\/ies.bio\/it\/actividades-ies-2026\/","title":{"rendered":"Attivit\u00e0 IES 2026"},"content":{"rendered":"<p><strong>Piano IES 2026: Un anno di tessitura e radicamento del nostro micelio<\/strong><\/p>\n<p>Un anno di gioia, connessione e nutrimento del nostro micelio! Il nostro piano IES 2025 continua ad affondare le radici come una meravigliosa rete miceliale, e quest&#8217;anno siamo entusiasti di concentrarci sulla tessitura e il rafforzamento di questi legami vivi e vitali. Potete aspettarvi nuove e stimolanti attivit\u00e0, accanto ad alcune che stanno giungendo a compimento. Siamo inoltre impegnati a sostenere il ruolo essenziale dell&#8217;Ecotuner come custode e portatore dell&#8217;Ecopsicologia Applicata, contribuendo a costruire una comunit\u00e0 calda, accogliente e profondamente interconnessa.<\/p>\n<p>Nel 2026, IES \u00e8 lieta di avvicinare ancora di pi\u00f9 la nostra comunit\u00e0 globale attraverso incontri e attivit\u00e0 vivi, coinvolgenti e ispiranti. Questi momenti favoriscono l&#8217;apprendimento condiviso, la cura collettiva e la crescita dell&#8217;ecopsicologia come approccio trasformativo e collaborativo alla crisi socio-ecologica del nostro tempo. La nostra speranza \u00e8 di creare uno spazio di appartenenza \u2014 aperto e accogliente \u2014 in cui ognuno si senta invitato a contribuire, apprendere e fiorire insieme.<\/p>\n<p>Le nostre attivit\u00e0 sono strutturate in due categorie fondamentali: (1) <strong>Incontri del Gruppo Cuore<\/strong> e (2) <strong>Attivit\u00e0 per i Soci IES e per chiunque sia interessato all&#8217;ecopsicologia<\/strong>, rispecchiando la diversit\u00e0 e l&#8217;unit\u00e0 della nostra comunit\u00e0 globale.<\/p>\n<h3><strong>1. Incontri del Gruppo Cuore IES<\/strong><\/h3>\n<p class=\"font-claude-response-body break-words whitespace-normal leading-[1.7]\">Questi incontri sono rivolti ai membri che guidano la crescita e l&#8217;espansione di IES:<img loading=\"lazy\" decoding=\"async\" class=\"wp-image-14728 alignright\" src=\"https:\/\/ies.bio\/wp-content\/uploads\/2025\/01\/cuore-Italiano.png\" alt=\"\" width=\"400\" height=\"400\" srcset=\"https:\/\/ies.bio\/wp-content\/uploads\/2025\/01\/cuore-Italiano.png 1080w, https:\/\/ies.bio\/wp-content\/uploads\/2025\/01\/cuore-Italiano-300x300.png 300w, https:\/\/ies.bio\/wp-content\/uploads\/2025\/01\/cuore-Italiano-1024x1024.png 1024w, https:\/\/ies.bio\/wp-content\/uploads\/2025\/01\/cuore-Italiano-150x150.png 150w, https:\/\/ies.bio\/wp-content\/uploads\/2025\/01\/cuore-Italiano-768x768.png 768w, https:\/\/ies.bio\/wp-content\/uploads\/2025\/01\/cuore-Italiano-696x696.png 696w, https:\/\/ies.bio\/wp-content\/uploads\/2025\/01\/cuore-Italiano-1068x1068.png 1068w, https:\/\/ies.bio\/wp-content\/uploads\/2025\/01\/cuore-Italiano-420x420.png 420w, https:\/\/ies.bio\/wp-content\/uploads\/2025\/01\/cuore-Italiano-24x24.png 24w, https:\/\/ies.bio\/wp-content\/uploads\/2025\/01\/cuore-Italiano-48x48.png 48w, https:\/\/ies.bio\/wp-content\/uploads\/2025\/01\/cuore-Italiano-96x96.png 96w\" sizes=\"auto, (max-width: 400px) 100vw, 400px\" \/><\/p>\n<ul class=\"[li_&amp;]:mb-0 [li_&amp;]:mt-1 [li_&amp;]:gap-1 [&amp;:not(:last-child)_ul]:pb-1 [&amp;:not(:last-child)_ol]:pb-1 list-disc flex flex-col gap-1 pl-8 mb-3\">\n<li class=\"whitespace-normal break-words pl-2\"><strong>Incontri di Charter e Candidati<\/strong> \u2014 Per scambiare apprendimenti e rafforzare la rete IES.<\/li>\n<li class=\"whitespace-normal break-words pl-2\"><strong>Incontri dei Direttori di Scuola<\/strong> \u2014 Per collaborare, condividere sfide e avanzare nel consolidamento dell&#8217;Ecopsicologia Applicata.<\/li>\n<li class=\"whitespace-normal break-words pl-2\"><strong>Incontri degli Ecotuner<\/strong> \u2014 Per condividere progetti, metodologie e co-creare nuove iniziative.<\/li>\n<\/ul>\n<h3><strong>2. Attivit\u00e0 per i Soci IES<\/strong><\/h3>\n<p>Attivit\u00e0 create per i soci IES, volte a promuovere l&#8217;apprendimento continuo, la collaborazione globale e l&#8217;esplorazione profonda dell&#8217;ecopsicologia:<\/p>\n<p><img loading=\"lazy\" decoding=\"async\" class=\"aligncenter wp-image-16711 \" src=\"https:\/\/ies.bio\/wp-content\/uploads\/2026\/03\/Italiaans-Italiaans2.png\" alt=\"\" width=\"529\" height=\"529\" srcset=\"https:\/\/ies.bio\/wp-content\/uploads\/2026\/03\/Italiaans-Italiaans2.png 1500w, https:\/\/ies.bio\/wp-content\/uploads\/2026\/03\/Italiaans-Italiaans2-300x300.png 300w, https:\/\/ies.bio\/wp-content\/uploads\/2026\/03\/Italiaans-Italiaans2-1024x1024.png 1024w, https:\/\/ies.bio\/wp-content\/uploads\/2026\/03\/Italiaans-Italiaans2-150x150.png 150w, https:\/\/ies.bio\/wp-content\/uploads\/2026\/03\/Italiaans-Italiaans2-768x768.png 768w, https:\/\/ies.bio\/wp-content\/uploads\/2026\/03\/Italiaans-Italiaans2-420x420.png 420w, https:\/\/ies.bio\/wp-content\/uploads\/2026\/03\/Italiaans-Italiaans2-696x696.png 696w, https:\/\/ies.bio\/wp-content\/uploads\/2026\/03\/Italiaans-Italiaans2-1068x1068.png 1068w, https:\/\/ies.bio\/wp-content\/uploads\/2026\/03\/Italiaans-Italiaans2-24x24.png 24w, https:\/\/ies.bio\/wp-content\/uploads\/2026\/03\/Italiaans-Italiaans2-48x48.png 48w, https:\/\/ies.bio\/wp-content\/uploads\/2026\/03\/Italiaans-Italiaans2-96x96.png 96w\" sizes=\"auto, (max-width: 529px) 100vw, 529px\" \/><\/p>\n<ul>\n<li class=\"whitespace-normal break-words pl-2\"><strong>Webinar IES<\/strong><\/li>\n<\/ul>\n<p><strong><em>Per chi:<\/em><\/strong> Tutti i soci IES interessati all&#8217;apprendimento continuo a distanza.<\/p>\n<p><strong><em>Descrizione:<\/em><\/strong> Una serie di webinar con esperti di Ecopsicologia, che affrontano diversi temi per approfondire la conoscenza e la pratica ecopsicologica.<\/p>\n<ul>\n<li class=\"whitespace-normal break-words pl-2\"><strong>Deep Conversation con la Dr.ssa Tina Asherae Fields<\/strong><\/li>\n<\/ul>\n<p><strong><em>Per chi:<\/em><\/strong> Tutti i soci IES e gli invitati interessati a un&#8217;esplorazione profonda dell&#8217;Ecopsicologia.<\/p>\n<p><strong><em>Descrizione:<\/em><\/strong> Incontri intimi di riflessione e apprendimento con una delle voci pi\u00f9 significative di IES.<\/p>\n<ul>\n<li class=\"whitespace-normal break-words pl-2\"><strong>Comunit\u00e0 di Pratica con Claudio Pereira<\/strong><\/li>\n<\/ul>\n<p><strong><em>Per chi:<\/em> <\/strong>Soci IES.<\/p>\n<p><strong><em>Descrizione:<\/em><\/strong> Esplorare, scambiare e co-creare le migliori pratiche nel campo ecopsicologico.<\/p>\n<ul>\n<li class=\"whitespace-normal break-words pl-2\"><strong>Sessioni di Tessitura della Rete IES e Impollinazione Crociata<\/strong><\/li>\n<\/ul>\n<p><strong><em>Per chi:<\/em> <\/strong>Per tutti.<\/p>\n<p><strong><em>Descrizione:<\/em> <\/strong>Apprendere e scambiarsi reciprocamente con nuove reti sorelle nel campo ecopsicologico. Lo scopo \u00e8 tessere un micelio nutriente e arricchire le pratiche di ciascuno, affinch\u00e9 insieme possiamo creare una differenza significativa per ci\u00f2 che la Madre Terra si aspetta da noi.<\/p>\n<p class=\"font-claude-response-body break-words whitespace-normal leading-[1.7]\"><span style=\"font-size: 14pt;\"><strong>Vi aspettiamo in tutte le attivit\u00e0 \u2014 siete parte della rete IES.<\/strong><\/span><\/p>\n<hr \/>\n<p>\ud83c\udf0d <strong>E non dimenticate il grande evento dell&#8217;anno:<\/strong><\/p>\n<p><strong>Conferenza IES 2027 \u2014 BELGIO, dall&#8217;8 al 12 luglio 2027. <\/strong>Uno spazio di incontro per tutta la comunit\u00e0 IES, in cui condivideremo ricerche, esperienze e nuove visioni per l&#8217;Ecopsicologia.<\/p>\n<p>\ud83d\udccc Esplorate ogni attivit\u00e0 nel dettaglio e unitevi a quella che pi\u00f9 risuona con voi.<\/p>\n","protected":false},"excerpt":{"rendered":"<p>Piano IES 2026: Un anno di tessitura e radicamento del nostro micelio Un anno di gioia, connessione e nutrimento del nostro micelio! Il nostro piano IES 2025 continua ad affondare le radici come una meravigliosa rete miceliale, e quest&#8217;anno siamo entusiasti di concentrarci sulla tessitura e il rafforzamento di questi legami vivi e vitali. Potete [&hellip;]<\/p>\n","protected":false},"author":50,"featured_media":0,"parent":0,"menu_order":0,"comment_status":"closed","ping_status":"closed","template":"","meta":{"footnotes":""},"class_list":["post-14774","page","type-page","status-publish"],"_links":{"self":[{"href":"https:\/\/ies.bio\/it\/wp-json\/wp\/v2\/pages\/14774","targetHints":{"allow":["GET"]}}],"collection":[{"href":"https:\/\/ies.bio\/it\/wp-json\/wp\/v2\/pages"}],"about":[{"href":"https:\/\/ies.bio\/it\/wp-json\/wp\/v2\/types\/page"}],"author":[{"embeddable":true,"href":"https:\/\/ies.bio\/it\/wp-json\/wp\/v2\/users\/50"}],"replies":[{"embeddable":true,"href":"https:\/\/ies.bio\/it\/wp-json\/wp\/v2\/comments?post=14774"}],"version-history":[{"count":5,"href":"https:\/\/ies.bio\/it\/wp-json\/wp\/v2\/pages\/14774\/revisions"}],"predecessor-version":[{"id":16712,"href":"https:\/\/ies.bio\/it\/wp-json\/wp\/v2\/pages\/14774\/revisions\/16712"}],"wp:attachment":[{"href":"https:\/\/ies.bio\/it\/wp-json\/wp\/v2\/media?parent=14774"}],"curies":[{"name":"wp","href":"https:\/\/api.w.org\/{rel}","templated":true}]}}