{"id":5155,"date":"2018-08-22T19:22:43","date_gmt":"2018-08-22T18:22:43","guid":{"rendered":"https:\/\/ies.bio\/?page_id=5155"},"modified":"2018-08-22T19:22:43","modified_gmt":"2018-08-22T18:22:43","slug":"ies-school-italia-3","status":"publish","type":"page","link":"https:\/\/ies.bio\/it\/ies-training\/ies-schools\/ies-school-italia-3\/","title":{"rendered":"IES School &#8211; ITALIA"},"content":{"rendered":"<h3 style=\"text-align: center;\"><a href=\"http:\/\/www.ecopsicologia.it\/\" target=\"_blank\" rel=\"noopener\"><img loading=\"lazy\" decoding=\"async\" class=\"size-full wp-image-2662 aligncenter\" src=\"http:\/\/ies.simonealbanese.com\/wp-content\/uploads\/2018\/04\/ecopsiche_logo_2017.jpg\" alt=\"\" width=\"326\" height=\"220\" srcset=\"https:\/\/ies.bio\/wp-content\/uploads\/2018\/04\/ecopsiche_logo_2017.jpg 326w, https:\/\/ies.bio\/wp-content\/uploads\/2018\/04\/ecopsiche_logo_2017-300x202.jpg 300w, https:\/\/ies.bio\/wp-content\/uploads\/2018\/04\/ecopsiche_logo_2017-324x220.jpg 324w\" sizes=\"auto, (max-width: 326px) 100vw, 326px\" \/><\/a><strong><span style=\"color: #99cc00;\"><em><span style=\"font-family: georgia, palatino, serif;\">&#8220;Affonda le radici in ci\u00f2 che sei, <\/span><\/em><\/span><\/strong><br \/>\n<strong><span style=\"color: #99cc00;\"><em><span style=\"font-family: georgia, palatino, serif;\">cambia il mondo con ci\u00f2 che fai!&#8221;<\/span><\/em><\/span><\/strong><\/h3>\n<p>Ecopsich\u00e9 Scuola di Ecopsicologia \u00e8 nata nel 2004 a <strong>Osnago, in Provincia di Lecco<\/strong> (Italia) ed \u00e8 la prima IES School che ha inziato a proporre IES Training nel 2010.<\/p>\n<p>La Scuola \u00e8 stata fondata a Osnago, in provincia di Lecco ed \u00e8 diretta dalla psicologa <strong>Marcella Danon<\/strong>, e opera sul territorio italiano in tre diverse sedi &#8211; Brianza (Ello, Lecco), Sardegna (Oristano e Narbolia) e Sicilia (Catania e Acireale) &#8211; con uno staff di 7 collaboratori.<\/p>\n<p>la Scuola propone <a href=\"http:\/\/www.ecopsicologia.it\/formazione\/ies-training-ecotuning\/\" target=\"_blank\" rel=\"noopener\"><strong>IES Training in EcoTuning<\/strong><\/a>, la formazione di base in Ecopsicologia Applicata e due specializzazioni: in <a href=\"http:\/\/www.ecopsicologia.it\/formazione\/ies-training-ecocounseling\/\" target=\"_blank\" rel=\"noopener\"><strong>EcoCounseling<\/strong><\/a> e in <a href=\"http:\/\/www.ecopsicologia.it\/formazione\/green-coaching\/\" target=\"_blank\" rel=\"noopener\"><strong>Green Coaching<\/strong><\/a>.<\/p>\n<p>La Scuola pone un enfasi particolare sul tema della <strong>crescita personale e dell&#8217;espansione della coscienza<\/strong> &#8220;in natura, con la natura e per la natura&#8221; &#8211; <em>green mindfulness<\/em> &#8211; e promuove il concetto di identit\u00e0 terrestre come attuale sfida evolutiva per l&#8217;umanit\u00e0.<br \/>\nEcopsich\u00e9 accompagna gli Ecotuner in formazione a trovare ognuno la sua peculiare modalit\u00e0 di tradurre in azione talenti e potenzialit\u00e0, valori e aspirazioni, al servizio della vita, per fare di una passione, una professione: un Ecotuner realizzato e attivo \u00e8 catalizzatore, nella sua comunit\u00e0 di riferimento, di un processo di cambiamento e di evoluzione.<\/p>\n<p><img loading=\"lazy\" decoding=\"async\" class=\"alignnone wp-image-5151 size-full\" src=\"https:\/\/ies.bio\/wp-content\/uploads\/2018\/08\/Ecopsicologia_Toscana_2018.jpg\" alt=\"\" width=\"1234\" height=\"921\" srcset=\"https:\/\/ies.bio\/wp-content\/uploads\/2018\/08\/Ecopsicologia_Toscana_2018.jpg 1234w, https:\/\/ies.bio\/wp-content\/uploads\/2018\/08\/Ecopsicologia_Toscana_2018-300x224.jpg 300w, https:\/\/ies.bio\/wp-content\/uploads\/2018\/08\/Ecopsicologia_Toscana_2018-768x573.jpg 768w, https:\/\/ies.bio\/wp-content\/uploads\/2018\/08\/Ecopsicologia_Toscana_2018-1024x764.jpg 1024w, https:\/\/ies.bio\/wp-content\/uploads\/2018\/08\/Ecopsicologia_Toscana_2018-80x60.jpg 80w, https:\/\/ies.bio\/wp-content\/uploads\/2018\/08\/Ecopsicologia_Toscana_2018-265x198.jpg 265w, https:\/\/ies.bio\/wp-content\/uploads\/2018\/08\/Ecopsicologia_Toscana_2018-696x519.jpg 696w, https:\/\/ies.bio\/wp-content\/uploads\/2018\/08\/Ecopsicologia_Toscana_2018-1068x797.jpg 1068w, https:\/\/ies.bio\/wp-content\/uploads\/2018\/08\/Ecopsicologia_Toscana_2018-563x420.jpg 563w\" sizes=\"auto, (max-width: 1234px) 100vw, 1234px\" \/><\/p>\n<table style=\"width: 677px;\">\n<tbody>\n<tr style=\"height: 70px;\">\n<td style=\"width: 183px; height: 70px;\">\n<h4><strong><a href=\"http:\/\/www.ecopsicologia.it\/locandine\/Formazione_in_Ecotuning_Brianza_2018.pdf\" target=\"_blank\" rel=\"noopener\">Programma<\/a> e<br \/>\nCrediti IES Training<\/strong><\/h4>\n<\/td>\n<td style=\"width: 78px; height: 70px;\"><\/td>\n<td style=\"width: 54px; height: 70px;\"><img loading=\"lazy\" decoding=\"async\" class=\"alignnone wp-image-2617\" src=\"http:\/\/ies.simonealbanese.com\/wp-content\/uploads\/2018\/04\/book.png\" alt=\"\" width=\"50\" height=\"50\" srcset=\"https:\/\/ies.bio\/wp-content\/uploads\/2018\/04\/book.png 612w, https:\/\/ies.bio\/wp-content\/uploads\/2018\/04\/book-150x150.png 150w, https:\/\/ies.bio\/wp-content\/uploads\/2018\/04\/book-300x300.png 300w, https:\/\/ies.bio\/wp-content\/uploads\/2018\/04\/book-356x364.png 356w, https:\/\/ies.bio\/wp-content\/uploads\/2018\/04\/book-420x420.png 420w\" sizes=\"auto, (max-width: 50px) 100vw, 50px\" \/><\/td>\n<td style=\"width: 59px; height: 70px;\"><img loading=\"lazy\" decoding=\"async\" class=\"alignnone wp-image-2652\" src=\"http:\/\/ies.simonealbanese.com\/wp-content\/uploads\/2018\/04\/icon_personal_growth.jpg\" alt=\"\" width=\"50\" height=\"50\" \/><\/td>\n<td style=\"width: 54px; height: 70px;\"><img loading=\"lazy\" decoding=\"async\" class=\"alignnone wp-image-2644\" src=\"http:\/\/ies.simonealbanese.com\/wp-content\/uploads\/2018\/04\/icon_experiencial.jpg\" alt=\"\" width=\"50\" height=\"50\" \/><\/td>\n<td style=\"width: 51px; height: 70px;\"><img loading=\"lazy\" decoding=\"async\" class=\"alignnone wp-image-2636\" src=\"http:\/\/ies.simonealbanese.com\/wp-content\/uploads\/2018\/04\/icon_ecotuning.jpg\" alt=\"\" width=\"50\" height=\"50\" \/><\/td>\n<td style=\"width: 52px; height: 70px;\"><img loading=\"lazy\" decoding=\"async\" class=\"alignnone wp-image-2640\" src=\"http:\/\/ies.simonealbanese.com\/wp-content\/uploads\/2018\/04\/icon_project.jpg\" alt=\"\" width=\"50\" height=\"50\" \/><\/td>\n<td style=\"width: 52px; height: 12px;\">totale ore<\/td>\n<\/tr>\n<tr style=\"height: 12px;\">\n<td style=\"width: 183px; height: 12px;\"><a href=\"http:\/\/www.ecopsicologia.it\/formazione\/seminari\/da-ego-a-eco\/\" target=\"_blank\" rel=\"noopener\">Da EGO a ECO<\/a><\/td>\n<td style=\"width: 78px; height: 12px;\">seminario <em>1 giorno<\/em><\/td>\n<td style=\"width: 54px; height: 12px; text-align: center;\">1<\/td>\n<td style=\"width: 59px; height: 12px; text-align: center;\">2<\/td>\n<td style=\"width: 54px; height: 12px; text-align: center;\">4<\/td>\n<td style=\"width: 51px; height: 12px; text-align: center;\">1<\/td>\n<td style=\"width: 52px; height: 12px;\"><\/td>\n<td style=\"width: 52px; height: 12px; text-align: center;\"><strong> 8<\/strong><\/td>\n<\/tr>\n<tr style=\"height: 52px;\">\n<td style=\"width: 183px; height: 52px;\"><a href=\"http:\/\/www.ecopsicologia.it\/formazione\/seminari\/io-tu\/\" target=\"_blank\" rel=\"noopener\">IO-TU<\/a><\/td>\n<td style=\"width: 78px; height: 52px;\"><em>seminario 3 giorni<\/em><\/td>\n<td style=\"width: 54px; height: 52px; text-align: center;\">1<\/td>\n<td style=\"width: 59px; height: 52px; text-align: center;\">6<\/td>\n<td style=\"width: 54px; height: 52px; text-align: center;\">15<\/td>\n<td style=\"width: 51px; height: 52px; text-align: center;\">2<\/td>\n<td style=\"width: 52px; height: 52px;\"><\/td>\n<td style=\"width: 52px; height: 12px; text-align: center;\"><strong> 24<\/strong><\/td>\n<\/tr>\n<tr style=\"height: 52px;\">\n<td style=\"width: 183px; height: 52px;\"><a href=\"http:\/\/www.ecopsicologia.it\/formazione\/seminari\/noi\/\" target=\"_blank\" rel=\"noopener\">NOI<\/a><\/td>\n<td style=\"width: 78px; height: 52px;\"><em>seminario 3 giorni<\/em><\/td>\n<td style=\"width: 54px; height: 52px; text-align: center;\">1<\/td>\n<td style=\"width: 59px; height: 52px; text-align: center;\">6<\/td>\n<td style=\"width: 54px; height: 52px; text-align: center;\">15<\/td>\n<td style=\"width: 51px; height: 52px; text-align: center;\">2<\/td>\n<td style=\"width: 52px; height: 52px;\"><\/td>\n<td style=\"width: 52px; height: 12px; text-align: center;\"><strong> 24<\/strong><\/td>\n<\/tr>\n<tr style=\"height: 52px;\">\n<td style=\"width: 183px; height: 52px;\"><a href=\"http:\/\/www.ecopsicologia.it\/formazione\/seminari\/lei\/\" target=\"_blank\" rel=\"noopener\">LEI<\/a><\/td>\n<td style=\"width: 78px; height: 52px;\"><em>seminario 2 giorni<\/em><\/td>\n<td style=\"width: 54px; height: 52px; text-align: center;\">1<\/td>\n<td style=\"width: 59px; height: 52px; text-align: center;\">6<\/td>\n<td style=\"width: 54px; height: 52px; text-align: center;\">8<\/td>\n<td style=\"width: 51px; height: 52px; text-align: center;\">1<\/td>\n<td style=\"width: 52px; height: 52px;\"><\/td>\n<td style=\"width: 52px; height: 12px; text-align: center;\"><strong> 16<\/strong><\/td>\n<\/tr>\n<tr style=\"height: 52px;\">\n<td style=\"width: 183px; height: 52px;\"><a href=\"http:\/\/www.ecopsicologia.it\/elearning\/ecocentering-via-mail\/\" target=\"_blank\" rel=\"noopener\">Ecocentering<\/a><\/td>\n<td style=\"width: 78px; height: 52px;\"><em>eLearning<\/em><\/td>\n<td style=\"width: 54px; height: 52px; text-align: center;\"><\/td>\n<td style=\"width: 59px; height: 52px; text-align: center;\">56<\/td>\n<td style=\"width: 54px; height: 52px; text-align: center;\"><\/td>\n<td style=\"width: 51px; height: 52px;\"><\/td>\n<td style=\"width: 52px; height: 52px;\"><\/td>\n<td style=\"width: 52px; height: 12px; text-align: center;\"><strong> 56<\/strong><\/td>\n<\/tr>\n<tr style=\"height: 52px;\">\n<td style=\"width: 183px; height: 52px;\"><a href=\"http:\/\/www.ecopsicologia.it\/elearning\/abcde\/\" target=\"_blank\" rel=\"noopener\">ABCD&#8230;Ecotuning<\/a><\/td>\n<td style=\"width: 78px; height: 52px;\"><em>eLearning<\/em><\/td>\n<td style=\"width: 54px; height: 52px; text-align: center;\">60<\/td>\n<td style=\"width: 59px; height: 52px; text-align: center;\">6<\/td>\n<td style=\"width: 54px; height: 52px; text-align: center;\"><\/td>\n<td style=\"width: 51px; height: 52px; text-align: center;\">24<\/td>\n<td style=\"width: 52px; height: 52px;\"><\/td>\n<td style=\"width: 52px; height: 12px; text-align: center;\"><strong>90<\/strong><\/td>\n<\/tr>\n<tr style=\"height: 26px;\">\n<td style=\"width: 183px; height: 52px;\"><a href=\"http:\/\/www.ecopsicologia.it\/formazione\/ies-training-ecotuning\/programma-ecotuning\/supervisione-ecotuning\/\" target=\"_blank\" rel=\"noopener\">Supervisioni di Ecotuning<\/a><\/td>\n<td style=\"width: 78px; height: 52px;\"><em>pratica<\/em><\/td>\n<td style=\"width: 54px; height: 52px; text-align: center;\"><\/td>\n<td style=\"width: 59px; height: 52px; text-align: center;\"><\/td>\n<td style=\"width: 54px; height: 52px; text-align: center;\">22<\/td>\n<td style=\"width: 51px; height: 52px; text-align: center;\">30<\/td>\n<td style=\"width: 52px; height: 52px;\"><\/td>\n<td style=\"width: 52px; height: 52px; text-align: center;\"><strong> 52<\/strong><\/td>\n<\/tr>\n<tr style=\"height: 26px;\">\n<td style=\"width: 183px; height: 52px;\"><a href=\"http:\/\/www.ecopsicologia.net\/bibliografia.html\" target=\"_blank\" rel=\"noopener\">Relazione su un libro<\/a><\/td>\n<td style=\"width: 78px; height: 52px;\"><em>pratica<br \/>\nindividuale<\/em><\/td>\n<td style=\"width: 54px; height: 52px; text-align: center;\"><\/td>\n<td style=\"width: 59px; height: 52px; text-align: center;\"><\/td>\n<td style=\"width: 54px; height: 52px; text-align: center;\"><\/td>\n<td style=\"width: 51px; height: 52px; text-align: center;\"><span style=\"color: #999999;\"><strong>(20)<\/strong><\/span><\/td>\n<td style=\"width: 52px; height: 52px;\"><\/td>\n<td style=\"width: 52px; height: 52px; text-align: center;\"><\/td>\n<\/tr>\n<tr style=\"height: 26px;\">\n<td style=\"width: 183px; height: 52px;\"><a href=\"http:\/\/www.ecopsicologia.it\/ecotuning\/\" target=\"_blank\" rel=\"noopener\">Progetto di Ecotuning<\/a><\/td>\n<td style=\"width: 78px; height: 52px;\"><em>pratica<br \/>\nindividuale<br \/>\n<\/em><\/td>\n<td style=\"width: 54px; height: 52px; text-align: center;\"><\/td>\n<td style=\"width: 59px; height: 52px; text-align: center;\"><\/td>\n<td style=\"width: 54px; height: 52px; text-align: center;\"><\/td>\n<td style=\"width: 51px; height: 52px; text-align: center;\"><\/td>\n<td style=\"width: 52px; height: 52px;\"><strong> <span style=\"color: #999999;\">(60)<\/span><\/strong><\/td>\n<td style=\"width: 52px; height: 52px; text-align: center;\"><\/td>\n<\/tr>\n<tr style=\"height: 26px;\">\n<td style=\"width: 183px; height: 52px; text-align: right;\"><span style=\"color: #008000;\"><em><span style=\"color: #ff0000;\">Ore complessive<\/span><br \/>\n<span style=\"color: #ff0000;\"> di formazione<br \/>\n<\/span><\/em><\/span><span style=\"color: #808080;\"><em><small><small>(esclusi progetto e relazioni)<\/small><\/small><\/em><\/span><\/td>\n<td style=\"width: 78px; height: 52px;\"><\/td>\n<td style=\"width: 54px; height: 52px; text-align: center;\"><span style=\"color: #008000;\"><strong> 64<\/strong><\/span><\/td>\n<td style=\"width: 59px; height: 52px; text-align: center;\"><span style=\"color: #008000;\"><strong> 82<\/strong><\/span><\/td>\n<td style=\"width: 54px; height: 52px; text-align: center;\"><span style=\"color: #008000;\"><strong> 64<\/strong><\/span><\/td>\n<td style=\"width: 51px; height: 52px; text-align: center;\"><span style=\"color: #008000;\"><strong> 60<\/strong><\/span><\/td>\n<td style=\"width: 52px; height: 52px;\"><\/td>\n<td style=\"width: 52px; height: 52px; text-align: center;\"><span style=\"color: #ff0000;\"><strong>270<\/strong><\/span><\/td>\n<\/tr>\n<\/tbody>\n<\/table>\n<p><small><img loading=\"lazy\" decoding=\"async\" class=\"alignnone wp-image-2617\" src=\"http:\/\/ies.simonealbanese.com\/wp-content\/uploads\/2018\/04\/book.png\" alt=\"\" width=\"30\" height=\"30\" srcset=\"https:\/\/ies.bio\/wp-content\/uploads\/2018\/04\/book.png 612w, https:\/\/ies.bio\/wp-content\/uploads\/2018\/04\/book-150x150.png 150w, https:\/\/ies.bio\/wp-content\/uploads\/2018\/04\/book-300x300.png 300w, https:\/\/ies.bio\/wp-content\/uploads\/2018\/04\/book-356x364.png 356w, https:\/\/ies.bio\/wp-content\/uploads\/2018\/04\/book-420x420.png 420w\" sizes=\"auto, (max-width: 30px) 100vw, 30px\" \/> Teoria dell\u2019Ecopsicologia<br \/>\n<img loading=\"lazy\" decoding=\"async\" class=\"alignnone wp-image-2652\" src=\"http:\/\/ies.simonealbanese.com\/wp-content\/uploads\/2018\/04\/icon_personal_growth.jpg\" alt=\"\" width=\"30\" height=\"30\" \/>Crescita personale<br \/>\n<img loading=\"lazy\" decoding=\"async\" class=\"alignnone wp-image-2644\" src=\"http:\/\/ies.simonealbanese.com\/wp-content\/uploads\/2018\/04\/icon_experiencial.jpg\" alt=\"\" width=\"30\" height=\"30\" \/>Seminari esperienziali in natura<br \/>\n<img loading=\"lazy\" decoding=\"async\" class=\"alignnone wp-image-2636\" src=\"http:\/\/ies.simonealbanese.com\/wp-content\/uploads\/2018\/04\/icon_ecotuning.jpg\" alt=\"\" width=\"30\" height=\"30\" \/>Pratica di Ecotuning e Arte della Comunicazione<br \/>\n<img loading=\"lazy\" decoding=\"async\" class=\"alignnone wp-image-2640\" src=\"http:\/\/ies.simonealbanese.com\/wp-content\/uploads\/2018\/04\/icon_project.jpg\" alt=\"\" width=\"30\" height=\"30\" \/>Progetto finale di Ecotuning<\/small><\/p>\n<h3 style=\"text-align: center;\"><a href=\"http:\/\/www.ecopsicologia.it\/chi-siamo\/\" target=\"_blank\" rel=\"noopener\">Guarda una presentazione pi\u00f9 approfondita di Ecopsich\u00e9<\/a><\/h3>\n<h3 style=\"text-align: center;\"><a href=\"http:\/\/www.ecopsicologia.it\/formazione\/ies-training-ecotuning\/\" target=\"_blank\" rel=\"noopener\">Esplora l&#8217;intero programma di IES Training sul sito di Ecopsich\u00e9<\/a><\/h3>\n<p>&nbsp;<\/p>\n<p><img loading=\"lazy\" decoding=\"async\" class=\"wp-image-4670 size-full aligncenter\" src=\"http:\/\/ies.simonealbanese.com\/wp-content\/uploads\/2018\/06\/IES_International_Ecopsychology_Society__.jpg\" alt=\"\" width=\"270\" height=\"150\" \/><\/p>\n<p style=\"text-align: center;\"><img loading=\"lazy\" decoding=\"async\" class=\"alignnone wp-image-2671\" src=\"http:\/\/ies.simonealbanese.com\/wp-content\/uploads\/2018\/04\/hummingbird.jpg\" alt=\"\" width=\"95\" height=\"137\" \/><br \/>\nE&#8217; possibile partecipare a singoli moduli di IES Training e completare la formazione in un&#8217;altra IES School. Scopri i porgrammi di tutte el IES School accreditate a fornire la formazione necessaria per entrare nel Registro degli Ecotuner (IRoE) e diventare socio IES accreditato.<\/p>\n<p style=\"text-align: center;\"><a href=\"http:\/\/ies.simonealbanese.com\/it\/professione-ecotuner\/\"><span class=\"td_btn td_btn_sm td_shadow_btn\">scopri in che cosa consiste la professione di Ecotuner<\/span><\/a><\/p>\n<p style=\"text-align: center;\"><a href=\"http:\/\/ies.simonealbanese.com\/it\/ies-training\/ies-schools\/\"><span class=\"td_btn td_btn_sm td_shadow_btn\">esplora i programmi delle altre IES School<\/span><\/a><\/p>\n<p>&nbsp;<\/p>\n","protected":false},"excerpt":{"rendered":"<p>&#8220;Affonda le radici in ci\u00f2 che sei, cambia il mondo con ci\u00f2 che fai!&#8221; Ecopsich\u00e9 Scuola di Ecopsicologia \u00e8 nata nel 2004 a Osnago, in Provincia di Lecco (Italia) ed \u00e8 la prima IES School che ha inziato a proporre IES Training nel 2010. La Scuola \u00e8 stata fondata a Osnago, in provincia di Lecco [&hellip;]<\/p>\n","protected":false},"author":8,"featured_media":0,"parent":3055,"menu_order":0,"comment_status":"closed","ping_status":"closed","template":"","meta":{"footnotes":""},"class_list":["post-5155","page","type-page","status-publish"],"_links":{"self":[{"href":"https:\/\/ies.bio\/it\/wp-json\/wp\/v2\/pages\/5155","targetHints":{"allow":["GET"]}}],"collection":[{"href":"https:\/\/ies.bio\/it\/wp-json\/wp\/v2\/pages"}],"about":[{"href":"https:\/\/ies.bio\/it\/wp-json\/wp\/v2\/types\/page"}],"author":[{"embeddable":true,"href":"https:\/\/ies.bio\/it\/wp-json\/wp\/v2\/users\/8"}],"replies":[{"embeddable":true,"href":"https:\/\/ies.bio\/it\/wp-json\/wp\/v2\/comments?post=5155"}],"version-history":[{"count":0,"href":"https:\/\/ies.bio\/it\/wp-json\/wp\/v2\/pages\/5155\/revisions"}],"up":[{"embeddable":true,"href":"https:\/\/ies.bio\/it\/wp-json\/wp\/v2\/pages\/3055"}],"wp:attachment":[{"href":"https:\/\/ies.bio\/it\/wp-json\/wp\/v2\/media?parent=5155"}],"curies":[{"name":"wp","href":"https:\/\/api.w.org\/{rel}","templated":true}]}}