{"id":5387,"date":"2018-09-05T17:45:37","date_gmt":"2018-09-05T16:45:37","guid":{"rendered":"https:\/\/ies.bio\/filiacao\/becoming-a-ies-charter\/"},"modified":"2018-09-10T19:58:03","modified_gmt":"2018-09-10T18:58:03","slug":"becoming-a-ies-charter","status":"publish","type":"page","link":"https:\/\/ies.bio\/pt-br\/filiacao\/becoming-a-ies-charter\/","title":{"rendered":"Diventare un Charter IES _ da tradurre"},"content":{"rendered":"<p style=\"text-align: right;\"><strong><img loading=\"lazy\" decoding=\"async\" class=\"alignnone wp-image-5331 size-full\" src=\"https:\/\/ies.bio\/wp-content\/uploads\/2018\/09\/IES_Charters.jpg\" alt=\"\" width=\"951\" height=\"951\" srcset=\"https:\/\/ies.bio\/wp-content\/uploads\/2018\/09\/IES_Charters.jpg 951w, https:\/\/ies.bio\/wp-content\/uploads\/2018\/09\/IES_Charters-150x150.jpg 150w, https:\/\/ies.bio\/wp-content\/uploads\/2018\/09\/IES_Charters-300x300.jpg 300w, https:\/\/ies.bio\/wp-content\/uploads\/2018\/09\/IES_Charters-768x768.jpg 768w, https:\/\/ies.bio\/wp-content\/uploads\/2018\/09\/IES_Charters-696x696.jpg 696w, https:\/\/ies.bio\/wp-content\/uploads\/2018\/09\/IES_Charters-420x420.jpg 420w\" sizes=\"auto, (max-width: 951px) 100vw, 951px\" \/><\/strong><span style=\"color: #999999;\"><em><small>Charter\u00a0<small>IES <\/small> di Mexico, Uruguay, Argentina e Per\u00f9<\/small><\/em><\/span><\/p>\n<p>IES ha 11 Charter, rappresentanti nazionali, in tutto il mondo, in 4 continenti. Collaboriamo, lavoriamo insieme e facciamo tutti parte di una famiglia internazionale che condivide la stessa passione e gli stessi obiettivi e la stessa visione per l&#8217;applicazione e l&#8217;espansione dell&#8217;Ecopsicologia.<\/p>\n<p><strong>Cos&#8217;\u00e8 un Charter IES?<\/strong><\/p>\n<p>I\u00a0Charter sono rappresentanti nazionali. Sono individui su cui l&#8217;IES ripone la sua fiducia, che svolgono azioni per promuovere l&#8217;Ecopsicologia nel loro paese in vari campi connessi a IES.<br \/>\nIl profilo del Charter \u00e8 di essere un amante della natura, amichevole, affidabile, capace di andare d&#8217;accordo con la sua natura personale &#8211; istintiva, emotiva e cognitiva &#8211; e di lavorare sulla sua propria struttura di personalit\u00e0. Il Charter \u00e8 incline a lavorare per il benessere di tutti e con le organizzazioni, \u00e8 dotato di\u00a0 leadership ed ecoleadership (capacit\u00e0 di avere una visione sistemica delle persone, del gruppo e dell&#8217;organizzazione in rete).<\/p>\n<p><strong>Prerequisiti per diventare un Charter IES<br \/>\n<\/strong><\/p>\n<ul>\n<li>Deve avere una formazione accademica in Ecopsicologia e materie affini (psicologia umanistica, transpersonale, ambientale, ecoterapia, ecologia).<\/li>\n<li>Deve essere uno psicologo accreditato dalle leggi del suo paese.<\/li>\n<\/ul>\n<p><strong>Primi passi<\/strong><\/p>\n<p>Per entrare a far parte della nostra ampia famiglia di IES, un candidato deve seguire i seguenti passaggi:<\/p>\n<ul>\n<li>Il candidato esprime il suo interesse a rappresentare IES nel proprio paese a uno dei Charter.<\/li>\n<li>Scrive una lettera al Direttivo di IES (ies@ies.bio), presentandosi e spiegando le motivazioni che lo spingono in questa direzione e i progetti con cui vuole applicare e sviluppare l&#8217;Ecopsicologia nel suo paese.<\/li>\n<li>Allega anche il suo curriculum e una copia dei titoli universitari.<\/li>\n<li>Chiede di ricevere la copia integrale del rgolamento sul processo per diventare Charter IES.<\/li>\n<li>Partecipa al primo Convegno IES in programma.<\/li>\n<li>Da quel momento, inizia un processo di due anni per poter essere incluso come Charter.<\/li>\n<li>In base ai criteri approvati dal Direttivo di IES, e in base alla conoscenza e alla pratica pregressa in Ecopsicologia, da parte del candidato, sar\u00e0 necessario seguire una formazione completa o parziale in una delle Scuole IES (IES Schools).<\/li>\n<\/ul>\n<div id=\"gt-res-tools\">\n<div id=\"gt-res-tools-l\">\n<div id=\"gt-pb-star\"><\/div>\n<\/div>\n<\/div>\n<p style=\"text-align: right;\"><strong><img loading=\"lazy\" decoding=\"async\" class=\"alignnone wp-image-5338 size-full\" src=\"https:\/\/ies.bio\/wp-content\/uploads\/2018\/09\/IES_Charters_Europe_Africa.jpg\" alt=\"\" width=\"639\" height=\"639\" srcset=\"https:\/\/ies.bio\/wp-content\/uploads\/2018\/09\/IES_Charters_Europe_Africa.jpg 639w, https:\/\/ies.bio\/wp-content\/uploads\/2018\/09\/IES_Charters_Europe_Africa-150x150.jpg 150w, https:\/\/ies.bio\/wp-content\/uploads\/2018\/09\/IES_Charters_Europe_Africa-300x300.jpg 300w, https:\/\/ies.bio\/wp-content\/uploads\/2018\/09\/IES_Charters_Europe_Africa-420x420.jpg 420w\" sizes=\"auto, (max-width: 639px) 100vw, 639px\" \/><br \/>\n<\/strong><span style=\"color: #999999;\"><em><small>\u00a0Charter IES di Grecia, Italia e Sud Africa<\/small><\/em><\/span><\/p>\n<p><strong>Le responsabilit\u00e0 del Charter<\/strong><\/p>\n<p>Un Charter, quando diventa parte della famiglia IES, inizia il suo mandato assumendosi delle responsabilit\u00e0:<\/p>\n<p>\u2022 Creare un&#8217;Associazione o una Societ\u00e0 &#8211; un Centro o una Scuola &#8211; con lo scopo di applicare e promuovere l&#8217;Ecopsicologia negli ambiti di sua competenza: accademico, organizzativo, relazione di aiuto, psicoterapeutico, educativo, ecc.<br \/>\n\u2022 Organizzare un sito Web in cui far conoscere la propria attivit\u00e0 e quella di IES, creando connessioni con i social network locali e internazionali.<br \/>\n\u2022 Sviluppare l&#8217;Ecopsicologia nel suo paese, tenere conferenze, organizzare corsi di introduzione, lavorare in campi legati all&#8217;Ecopsicologia.<br \/>\n\u2022 Partecipare ai congressi internazionali IES che si svolgono ogni due anni.<br \/>\n\u2022 Fare da intermediario tra l&#8217;IES e le organizzazioni nazionali, accademiche e di ricerca.<br \/>\n\u2022 Essere il coordinatore di iniziative ecopsicologicamente orientate anche i partnership con altre realt\u00e0 locali<br \/>\n\u2022 Pagare, entro il mese di marzo, la quota annuale annuale corrispondente (\u20ac 100).<br \/>\n\u2022 Collaborare con la promozione e la gestione di IES.<br \/>\n\u2022 Al fine di poter organizzare un IES Training completo, il candidato deve aver a sua volta preso parte personalmente alla formazione, interamente o parzialmente, in base al suo cirruculum.<\/p>\n<p>Il ruolo di Charter si rinnova ogni due anni ai congressi. Se il Charter IES non mostra alcun progresso nell sua attivit\u00e0, non viene n\u00e9 invia rappresentanti in sua vece ai Congressi, non rimane in contatto con gli altri Charter e non paga la quota annuale, IES \u00e8 libera di offrire il suo ruolo a un altra persona.<\/p>\n<p><em><span style=\"color: #999999;\">Estratto dalle regolamento completo sul processo per diventare Charter IES<\/span><\/em><\/p>\n<p>&nbsp;<\/p>\n<p style=\"text-align: center;\"><a href=\"http:\/\/ies.bio\"><img loading=\"lazy\" decoding=\"async\" class=\"wp-image-4670 size-full aligncenter\" src=\"https:\/\/ies.bio\/wp-content\/uploads\/2018\/06\/IES_International_Ecopsychology_Society__.jpg\" alt=\"\" width=\"270\" height=\"150\" \/><\/a><span id=\"result_box\" class=\"\" lang=\"it\"><\/span><\/p>\n<p style=\"text-align: center;\">Voc\u00ea quer se tornar um profissional da Ecopsicologia?<br \/>\n<a href=\"https:\/\/ies.bio\/pt-br\/ies-training\/treinamento-em-ecotuning\/\"><span class=\"td_btn td_btn_sm td_shadow_btn\">Venha conhecer os programas do IES Training!<\/span><\/a><\/p>\n","protected":false},"excerpt":{"rendered":"<p>Charter\u00a0IES di Mexico, Uruguay, Argentina e Per\u00f9 IES ha 11 Charter, rappresentanti nazionali, in tutto il mondo, in 4 continenti. Collaboriamo, lavoriamo insieme e facciamo tutti parte di una famiglia internazionale che condivide la stessa passione e gli stessi obiettivi e la stessa visione per l&#8217;applicazione e l&#8217;espansione dell&#8217;Ecopsicologia. Cos&#8217;\u00e8 un Charter IES? I\u00a0Charter sono [&hellip;]<\/p>\n","protected":false},"author":8,"featured_media":0,"parent":1216,"menu_order":0,"comment_status":"closed","ping_status":"closed","template":"","meta":{"footnotes":""},"class_list":["post-5387","page","type-page","status-publish"],"_links":{"self":[{"href":"https:\/\/ies.bio\/pt-br\/wp-json\/wp\/v2\/pages\/5387","targetHints":{"allow":["GET"]}}],"collection":[{"href":"https:\/\/ies.bio\/pt-br\/wp-json\/wp\/v2\/pages"}],"about":[{"href":"https:\/\/ies.bio\/pt-br\/wp-json\/wp\/v2\/types\/page"}],"author":[{"embeddable":true,"href":"https:\/\/ies.bio\/pt-br\/wp-json\/wp\/v2\/users\/8"}],"replies":[{"embeddable":true,"href":"https:\/\/ies.bio\/pt-br\/wp-json\/wp\/v2\/comments?post=5387"}],"version-history":[{"count":0,"href":"https:\/\/ies.bio\/pt-br\/wp-json\/wp\/v2\/pages\/5387\/revisions"}],"up":[{"embeddable":true,"href":"https:\/\/ies.bio\/pt-br\/wp-json\/wp\/v2\/pages\/1216"}],"wp:attachment":[{"href":"https:\/\/ies.bio\/pt-br\/wp-json\/wp\/v2\/media?parent=5387"}],"curies":[{"name":"wp","href":"https:\/\/api.w.org\/{rel}","templated":true}]}}